{"id":2315,"date":"2023-05-28T20:46:29","date_gmt":"2023-05-29T01:46:29","guid":{"rendered":"https:\/\/kuyay.co\/?page_id=2315"},"modified":"2023-05-28T21:19:30","modified_gmt":"2023-05-29T02:19:30","slug":"work-with-us-jobs","status":"publish","type":"page","link":"https:\/\/kuyay.co\/es\/work-with-us-jobs\/","title":{"rendered":"Work With Us &#8211; jobs"},"content":{"rendered":"\t<div class=\"awsm-job-wrap\">\n\n\t\t<div class=\"awsm-filter-wrap awsm-no-search-filter-wrap\"><form action=\"https:\/\/kuyay.co\/wp-admin\/admin-ajax.php\" method=\"POST\"><a href=\"#\" class=\"awsm-filter-toggle\" role=\"button\" aria-pressed=\"false\"><span class=\"awsm-filter-toggle-text-wrapper\">Filter by<\/span><svg width=\"100\" height=\"100\" viewBox=\"0 0 100 100\" xmlns=\"http:\/\/www.w3.org\/2000\/svg\" version=\"1.1\" preserveAspectRatio=\"xMinYMin\"><path xmlns=\"http:\/\/www.w3.org\/2000\/svg\" fill=\"rgb(9.803922%,9.803922%,9.803922%)\" d=\"M 36.417969 19.9375 L 36.417969 17.265625 C 36.417969 16.160156 35.523438 15.265625 34.417969 15.265625 L 21.578125 15.265625 C 20.476562 15.265625 19.578125 16.160156 19.578125 17.265625 L 19.578125 19.9375 L 11 19.9375 L 11 26.9375 L 19.578125 26.9375 L 19.578125 30.105469 C 19.578125 31.210938 20.476562 32.105469 21.578125 32.105469 L 34.417969 32.105469 C 35.523438 32.105469 36.417969 31.210938 36.417969 30.105469 L 36.417969 26.9375 L 89 26.9375 L 89 19.9375 Z M 58.421875 43.578125 C 58.421875 42.476562 57.527344 41.578125 56.421875 41.578125 L 43.582031 41.578125 C 42.480469 41.578125 41.582031 42.476562 41.582031 43.578125 L 41.582031 46.5 L 11 46.5 L 11 53.5 L 41.582031 53.5 L 41.582031 56.421875 C 41.582031 57.527344 42.480469 58.421875 43.582031 58.421875 L 56.421875 58.421875 C 57.527344 58.421875 58.421875 57.527344 58.421875 56.421875 L 58.421875 53.5 L 89 53.5 L 89 46.5 L 58.421875 46.5 Z M 80.417969 70.140625 C 80.417969 69.035156 79.523438 68.140625 78.417969 68.140625 L 65.578125 68.140625 C 64.476562 68.140625 63.578125 69.035156 63.578125 70.140625 L 63.578125 73.0625 L 11 73.0625 L 11 80.0625 L 63.578125 80.0625 L 63.578125 82.984375 C 63.578125 84.085938 64.476562 84.984375 65.578125 84.984375 L 78.417969 84.984375 C 79.523438 84.984375 80.417969 84.085938 80.417969 82.984375 L 80.417969 80.0625 L 89 80.0625 L 89 73.0625 L 80.417969 73.0625 Z M 80.417969 70.140625\"\/><\/svg><\/a><div class=\"awsm-filter-items\"><div class=\"awsm-filter-item\" data-filter=\"job__category_spec\"><label for=\"awsm-job-category-filter-option-1\" class=\"awsm-sr-only\">All Job Category<\/label><select name=\"awsm_job_spec[job-category]\" class=\"awsm-filter-option awsm-job-category-filter-option\" id=\"awsm-job-category-filter-option-1\" aria-label=\"All Job Category\"><option value=\"\">All Job Category<\/option><option value=\"61\" data-slug=\"aseo\">Aseo<\/option><option value=\"59\" data-slug=\"camarera\">Camarera<\/option><option value=\"60\" data-slug=\"camarero\">Camarero<\/option><option value=\"58\" data-slug=\"servicios-generales\">Servicios Generales<\/option><\/select><\/div><div class=\"awsm-filter-item\" data-filter=\"job__type_spec\"><label for=\"awsm-job-type-filter-option-1\" class=\"awsm-sr-only\">All Job Type<\/label><select name=\"awsm_job_spec[job-type]\" class=\"awsm-filter-option awsm-job-type-filter-option\" id=\"awsm-job-type-filter-option-1\" aria-label=\"All Job Type\"><option value=\"\">All Job Type<\/option><option value=\"49\" data-slug=\"full-time\">Full Time<\/option><\/select><\/div><div class=\"awsm-filter-item\" data-filter=\"job__location_spec\"><label for=\"awsm-job-location-filter-option-1\" class=\"awsm-sr-only\">All Job Location<\/label><select name=\"awsm_job_spec[job-location]\" class=\"awsm-filter-option awsm-job-location-filter-option\" id=\"awsm-job-location-filter-option-1\" aria-label=\"All Job Location\"><option value=\"\">All Job Location<\/option><option value=\"54\" data-slug=\"barrio-normandia\">Barrio Normandia<\/option><option value=\"53\" data-slug=\"bogota-d-c\">Bogota D.C<\/option><\/select><\/div><\/div><input type=\"hidden\" name=\"action\" value=\"jobfilter\"><\/form><\/div>\n\t\t<div class=\"awsm-job-listings awsm-lists\" data-listings=\"10\">\n\t\t\t\t\t<div class=\"awsm-job-listing-item awsm-list-item\" id=\"awsm-list-item-2574\">\t\t<div class=\"awsm-job-item\">\t\t\t<div class=\"awsm-list-left-col\">\n\t\t\t\t\n\t\t\t\t\n\t\t\t\t<h2 class=\"awsm-job-post-title\">\n\t\t\t\t\t<a href=\"https:\/\/kuyay.co\/es\/jobs\/asistente-adminitrativo-full-time-kuyay-hostel-bogota\/\">Asistente Adminitrativo Full Time &#8211; Kuyay Hostel Bogota<\/a>\t\t\t\t<\/h2>\n\n\t\t\t\t\t\t\t<\/div>\n\n\t\t\t<div class=\"awsm-list-right-col\">\n\t\t\t\t<div class=\"awsm-job-more-container\"><a class=\"awsm-job-more\" href=\"https:\/\/kuyay.co\/es\/jobs\/asistente-adminitrativo-full-time-kuyay-hostel-bogota\/\">More Details <span><\/span><\/a><\/div>\t\t\t<\/div>\n\t\t<\/div>\t<\/div><div class=\"awsm-job-listing-item awsm-list-item\" id=\"awsm-list-item-8730\">\t\t<div class=\"awsm-job-item\">\t\t\t<div class=\"awsm-list-left-col\">\n\t\t\t\t\n\t\t\t\t\n\t\t\t\t<h2 class=\"awsm-job-post-title\">\n\t\t\t\t\t<a href=\"https:\/\/kuyay.co\/es\/jobs\/turnos-camarera-hotel-bogota-nomrandia-servicios-generales-aseo\/\">Turnos Camarera Hotel Bogot\u00e1 Nomrandia \/ &#8211; Servicios Generales Aseo<\/a>\t\t\t\t<\/h2>\n\n\t\t\t\t\t\t\t<\/div>\n\n\t\t\t<div class=\"awsm-list-right-col\">\n\t\t\t\t<div class=\"awsm-job-specification-wrapper\"><div class=\"awsm-job-specification-item awsm-job-specification-job-category\"><span class=\"awsm-job-specification-term\">Aseo<\/span> <span class=\"awsm-job-specification-term\">Camarera<\/span> <span class=\"awsm-job-specification-term\">Camarero<\/span> <span class=\"awsm-job-specification-term\">Servicios Generales<\/span> <\/div><div class=\"awsm-job-specification-item awsm-job-specification-job-location\"><span class=\"awsm-job-specification-term\">Barrio Normandia<\/span> <span class=\"awsm-job-specification-term\">Bogota D.C<\/span> <\/div><\/div><div class=\"awsm-job-more-container\"><a class=\"awsm-job-more\" href=\"https:\/\/kuyay.co\/es\/jobs\/turnos-camarera-hotel-bogota-nomrandia-servicios-generales-aseo\/\">More Details <span><\/span><\/a><\/div>\t\t\t<\/div>\n\t\t<\/div>\t<\/div><div class=\"awsm-job-listing-item awsm-list-item\" id=\"awsm-list-item-2578\">\t\t<div class=\"awsm-job-item\">\t\t\t<div class=\"awsm-list-left-col\">\n\t\t\t\t\n\t\t\t\t\n\t\t\t\t<h2 class=\"awsm-job-post-title\">\n\t\t\t\t\t<a href=\"https:\/\/kuyay.co\/es\/jobs\/auxiliar-de-servicios-generales-hostel\/\">Camarera Hotel Bogot\u00e1 Nomrandia \/ &#8211; Servicios Generales Aseo Hotel Bogot\u00e1 (Normand\u00eda) &#8211; 5 d\u00edas a la semana &#8211; Contrataci\u00f3n Inmediata<\/a>\t\t\t\t<\/h2>\n\n\t\t\t\t\t\t\t<\/div>\n\n\t\t\t<div class=\"awsm-list-right-col\">\n\t\t\t\t<div class=\"awsm-job-specification-wrapper\"><div class=\"awsm-job-specification-item awsm-job-specification-job-category\"><span class=\"awsm-job-specification-term\">Aseo<\/span> <span class=\"awsm-job-specification-term\">Camarera<\/span> <span class=\"awsm-job-specification-term\">Camarero<\/span> <span class=\"awsm-job-specification-term\">Servicios Generales<\/span> <\/div><div class=\"awsm-job-specification-item awsm-job-specification-job-location\"><span class=\"awsm-job-specification-term\">Barrio Normandia<\/span> <span class=\"awsm-job-specification-term\">Bogota D.C<\/span> <\/div><\/div><div class=\"awsm-job-more-container\"><a class=\"awsm-job-more\" href=\"https:\/\/kuyay.co\/es\/jobs\/auxiliar-de-servicios-generales-hostel\/\">More Details <span><\/span><\/a><\/div>\t\t\t<\/div>\n\t\t<\/div>\t<\/div>\t\t\t\t<\/div>\n\t<\/div>\n\n","protected":false},"excerpt":{"rendered":"<p>Buscamos CAMARERA \/ SERVICIOS GENERALES con 1 a\u00f1o de experiencia. \u2705 OFRECEMOS: Salario: $1.750.905 + Aux. transporte + Prestaciones de Ley. Beneficios extra: Bonos por antig\u00fcedad. Horario: 8am &#8211; 4pm Lunes a S\u00e1bado Pagos: quincenales y puntuales. Ambiente inclusivo y diverso #TalentoSinEtiquetas. \ud83d\udee0 REQUISITOS: Experiencia m\u00ednima de 1 a\u00f1os en limpieza y desinfecci\u00f3n. Disponibilidad para&hellip;<\/p>","protected":false},"author":1,"featured_media":0,"parent":0,"menu_order":0,"comment_status":"closed","ping_status":"closed","template":"","meta":{"_joinchat":[],"footnotes":""},"class_list":["post-2315","page","type-page","status-publish","hentry","description-off"],"yoast_head":"<!-- This site is optimized with the Yoast SEO plugin v27.4 - https:\/\/yoast.com\/product\/yoast-seo-wordpress\/ -->\n<title>Work With Us - jobs - Kuyay Hostel<\/title>\n<meta name=\"robots\" content=\"index, follow, max-snippet:-1, max-image-preview:large, max-video-preview:-1\" \/>\n<link rel=\"canonical\" href=\"https:\/\/kuyay.co\/es\/work-with-us-jobs\/\" \/>\n<meta property=\"og:locale\" content=\"es_ES\" \/>\n<meta property=\"og:type\" content=\"article\" \/>\n<meta property=\"og:title\" content=\"Work With Us - jobs - Kuyay Hostel\" \/>\n<meta property=\"og:url\" content=\"https:\/\/kuyay.co\/es\/work-with-us-jobs\/\" \/>\n<meta property=\"og:site_name\" content=\"Kuyay Hostel\" \/>\n<meta property=\"article:modified_time\" content=\"2023-05-29T02:19:30+00:00\" \/>\n<meta name=\"twitter:card\" content=\"summary_large_image\" \/>\n<meta name=\"twitter:label1\" content=\"Tiempo de lectura\" \/>\n\t<meta name=\"twitter:data1\" content=\"1 minuto\" \/>\n<script type=\"application\/ld+json\" class=\"yoast-schema-graph\">{\"@context\":\"https:\\\/\\\/schema.org\",\"@graph\":[{\"@type\":\"WebPage\",\"@id\":\"https:\\\/\\\/kuyay.co\\\/work-with-us-jobs\\\/\",\"url\":\"https:\\\/\\\/kuyay.co\\\/work-with-us-jobs\\\/\",\"name\":\"Work With Us - jobs - Kuyay Hostel\",\"isPartOf\":{\"@id\":\"https:\\\/\\\/kuyay.co\\\/#website\"},\"datePublished\":\"2023-05-29T01:46:29+00:00\",\"dateModified\":\"2023-05-29T02:19:30+00:00\",\"breadcrumb\":{\"@id\":\"https:\\\/\\\/kuyay.co\\\/work-with-us-jobs\\\/#breadcrumb\"},\"inLanguage\":\"es-CO\",\"potentialAction\":[{\"@type\":\"ReadAction\",\"target\":[\"https:\\\/\\\/kuyay.co\\\/work-with-us-jobs\\\/\"]}]},{\"@type\":\"BreadcrumbList\",\"@id\":\"https:\\\/\\\/kuyay.co\\\/work-with-us-jobs\\\/#breadcrumb\",\"itemListElement\":[{\"@type\":\"ListItem\",\"position\":1,\"name\":\"Home\",\"item\":\"https:\\\/\\\/kuyay.co\\\/\"},{\"@type\":\"ListItem\",\"position\":2,\"name\":\"Work With Us &#8211; jobs\"}]},{\"@type\":\"WebSite\",\"@id\":\"https:\\\/\\\/kuyay.co\\\/#website\",\"url\":\"https:\\\/\\\/kuyay.co\\\/\",\"name\":\"Kuyay Hostel\",\"description\":\"Kuyay Hostel\",\"publisher\":{\"@id\":\"https:\\\/\\\/kuyay.co\\\/#organization\"},\"potentialAction\":[{\"@type\":\"SearchAction\",\"target\":{\"@type\":\"EntryPoint\",\"urlTemplate\":\"https:\\\/\\\/kuyay.co\\\/?s={search_term_string}\"},\"query-input\":{\"@type\":\"PropertyValueSpecification\",\"valueRequired\":true,\"valueName\":\"search_term_string\"}}],\"inLanguage\":\"es-CO\"},{\"@type\":\"Organization\",\"@id\":\"https:\\\/\\\/kuyay.co\\\/#organization\",\"name\":\"Kuyay Hostel\",\"url\":\"https:\\\/\\\/kuyay.co\\\/\",\"logo\":{\"@type\":\"ImageObject\",\"inLanguage\":\"es-CO\",\"@id\":\"https:\\\/\\\/kuyay.co\\\/#\\\/schema\\\/logo\\\/image\\\/\",\"url\":\"https:\\\/\\\/kuyay.co\\\/wp-content\\\/uploads\\\/2023\\\/02\\\/android-chrome-512x512-1.png\",\"contentUrl\":\"https:\\\/\\\/kuyay.co\\\/wp-content\\\/uploads\\\/2023\\\/02\\\/android-chrome-512x512-1.png\",\"width\":512,\"height\":512,\"caption\":\"Kuyay Hostel\"},\"image\":{\"@id\":\"https:\\\/\\\/kuyay.co\\\/#\\\/schema\\\/logo\\\/image\\\/\"}}]}<\/script>\n<!-- \/ Yoast SEO plugin. -->","yoast_head_json":{"title":"Work With Us - jobs - Kuyay Hostel","robots":{"index":"index","follow":"follow","max-snippet":"max-snippet:-1","max-image-preview":"max-image-preview:large","max-video-preview":"max-video-preview:-1"},"canonical":"https:\/\/kuyay.co\/es\/work-with-us-jobs\/","og_locale":"es_ES","og_type":"article","og_title":"Work With Us - jobs - Kuyay Hostel","og_url":"https:\/\/kuyay.co\/es\/work-with-us-jobs\/","og_site_name":"Kuyay Hostel","article_modified_time":"2023-05-29T02:19:30+00:00","twitter_card":"summary_large_image","twitter_misc":{"Tiempo de lectura":"1 minuto"},"schema":{"@context":"https:\/\/schema.org","@graph":[{"@type":"WebPage","@id":"https:\/\/kuyay.co\/work-with-us-jobs\/","url":"https:\/\/kuyay.co\/work-with-us-jobs\/","name":"Work With Us - jobs - Kuyay Hostel","isPartOf":{"@id":"https:\/\/kuyay.co\/#website"},"datePublished":"2023-05-29T01:46:29+00:00","dateModified":"2023-05-29T02:19:30+00:00","breadcrumb":{"@id":"https:\/\/kuyay.co\/work-with-us-jobs\/#breadcrumb"},"inLanguage":"es-CO","potentialAction":[{"@type":"ReadAction","target":["https:\/\/kuyay.co\/work-with-us-jobs\/"]}]},{"@type":"BreadcrumbList","@id":"https:\/\/kuyay.co\/work-with-us-jobs\/#breadcrumb","itemListElement":[{"@type":"ListItem","position":1,"name":"Home","item":"https:\/\/kuyay.co\/"},{"@type":"ListItem","position":2,"name":"Work With Us &#8211; jobs"}]},{"@type":"WebSite","@id":"https:\/\/kuyay.co\/#website","url":"https:\/\/kuyay.co\/","name":"Kuyay Hostel","description":"Kuyay Hostel","publisher":{"@id":"https:\/\/kuyay.co\/#organization"},"potentialAction":[{"@type":"SearchAction","target":{"@type":"EntryPoint","urlTemplate":"https:\/\/kuyay.co\/?s={search_term_string}"},"query-input":{"@type":"PropertyValueSpecification","valueRequired":true,"valueName":"search_term_string"}}],"inLanguage":"es-CO"},{"@type":"Organization","@id":"https:\/\/kuyay.co\/#organization","name":"Kuyay Hostel","url":"https:\/\/kuyay.co\/","logo":{"@type":"ImageObject","inLanguage":"es-CO","@id":"https:\/\/kuyay.co\/#\/schema\/logo\/image\/","url":"https:\/\/kuyay.co\/wp-content\/uploads\/2023\/02\/android-chrome-512x512-1.png","contentUrl":"https:\/\/kuyay.co\/wp-content\/uploads\/2023\/02\/android-chrome-512x512-1.png","width":512,"height":512,"caption":"Kuyay Hostel"},"image":{"@id":"https:\/\/kuyay.co\/#\/schema\/logo\/image\/"}}]}},"_links":{"self":[{"href":"https:\/\/kuyay.co\/es\/wp-json\/wp\/v2\/pages\/2315","targetHints":{"allow":["GET"]}}],"collection":[{"href":"https:\/\/kuyay.co\/es\/wp-json\/wp\/v2\/pages"}],"about":[{"href":"https:\/\/kuyay.co\/es\/wp-json\/wp\/v2\/types\/page"}],"author":[{"embeddable":true,"href":"https:\/\/kuyay.co\/es\/wp-json\/wp\/v2\/users\/1"}],"replies":[{"embeddable":true,"href":"https:\/\/kuyay.co\/es\/wp-json\/wp\/v2\/comments?post=2315"}],"version-history":[{"count":3,"href":"https:\/\/kuyay.co\/es\/wp-json\/wp\/v2\/pages\/2315\/revisions"}],"predecessor-version":[{"id":2332,"href":"https:\/\/kuyay.co\/es\/wp-json\/wp\/v2\/pages\/2315\/revisions\/2332"}],"wp:attachment":[{"href":"https:\/\/kuyay.co\/es\/wp-json\/wp\/v2\/media?parent=2315"}],"curies":[{"name":"wp","href":"https:\/\/api.w.org\/{rel}","templated":true}]}}