{"id":2937,"date":"2025-07-02T20:22:06","date_gmt":"2025-07-03T01:22:06","guid":{"rendered":"https:\/\/kuyay.co\/?page_id=2937"},"modified":"2025-07-02T20:30:13","modified_gmt":"2025-07-03T01:30:13","slug":"socializacion-interna","status":"publish","type":"page","link":"https:\/\/kuyay.co\/es\/socializacion-interna\/","title":{"rendered":"SOCIALIZACION INTERNA"},"content":{"rendered":"<div data-elementor-type=\"wp-page\" data-elementor-id=\"2937\" class=\"elementor elementor-2937\" data-elementor-post-type=\"page\">\n\t\t\t\t<div class=\"elementor-element elementor-element-6f089f27 e-flex e-con-boxed e-con e-parent\" data-id=\"6f089f27\" data-element_type=\"container\">\n\t\t\t\t\t<div class=\"e-con-inner\">\n\t\t\t\t<div class=\"elementor-element elementor-element-c1c4e44 elementor-widget elementor-widget-text-editor\" data-id=\"c1c4e44\" data-element_type=\"widget\" data-widget_type=\"text-editor.default\">\n\t\t\t\t<div class=\"elementor-widget-container\">\n\t\t\t\t\t\t\t\t\t\n<div class=\"forminator-guttenberg\"><div class=\"forminator-ui forminator-custom-form forminator-custom-form-2936 forminator-design--flat  forminator_ajax\" data-forminator-render=\"1\" data-form=\"forminator-module-2936\" data-uid=\"69ea388fafc6e\"><br\/><\/div><form\n\t\t\t\tid=\"forminator-module-2936\"\n\t\t\t\tclass=\"forminator-ui forminator-custom-form forminator-custom-form-2936 forminator-design--flat  forminator_ajax\"\n\t\t\t\tmethod=\"post\"\n\t\t\t\tdata-forminator-render=\"1\"\n\t\t\t\tdata-form-id=\"2936\"\n\t\t\t\tenctype=\"multipart\/form-data\" data-color-option=\"default\" data-design=\"flat\" data-grid=\"open\" style=\"display: none;\"\n\t\t\t\tdata-uid=\"69ea388fafc6e\" action=\"\"\n\t\t\t><div role=\"alert\" aria-live=\"polite\" class=\"forminator-response-message forminator-error\" aria-hidden=\"true\"><\/div><div class=\"forminator-row\"><div id=\"date-1\" class=\"forminator-field-date forminator-col forminator-col-12\"><div class=\"forminator-field\"><label for=\"forminator-field-date-1-picker_69ea388fafc6e\" id=\"forminator-field-date-1-picker_69ea388fafc6e-label\" class=\"forminator-label\">Fecha Capacitacion <span class=\"forminator-required\">*<\/span><\/label><div class=\"forminator-input-with-icon\"><span class=\"forminator-icon-calendar\" aria-hidden=\"true\"><\/span><input autocomplete=\"off\" type=\"text\" size=\"1\" name=\"date-1\" value=\"04\/23\/2026\" placeholder=\"Choose Date\" id=\"forminator-field-date-1-picker_69ea388fafc6e\" class=\"forminator-input forminator-datepicker\" data-required=\"1\" data-format=\"mm\/dd\/yy\" data-restrict-type=\"\" data-restrict=\"\" data-start-year=\"2026\" data-end-year=\"2126\" data-past-dates=\"enable\" data-start-of-week=\"1\" data-start-date=\"2026-04-23\" data-end-date=\"\" data-start-field=\"\" data-end-field=\"\" data-start-offset=\"\" data-end-offset=\"\" data-disable-date=\"\" data-disable-range=\"\" \/><\/div><\/div><\/div><\/div><div class=\"forminator-row\"><div id=\"select-2\" class=\"forminator-field-select forminator-col forminator-col-12\"><div class=\"forminator-field\"><label for=\"forminator-form-2936__field--select-2_69ea388fafc6e\" id=\"forminator-form-2936__field--select-2_69ea388fafc6e-label\" class=\"forminator-label\">Select <span class=\"forminator-required\">*<\/span><\/label><select  id=\"forminator-form-2936__field--select-2_69ea388fafc6e\" class=\"forminator-select--field forminator-select2 forminator-select2-multiple\" data-required=\"1\" name=\"select-2\" data-default-value=\"one\" data-hidden-behavior=\"zero\" data-placeholder=\"Lugar\" data-search=\"false\" data-search-placeholder=\"Lugar\" data-checkbox=\"false\" data-allow-clear=\"false\" aria-labelledby=\"forminator-form-2936__field--select-2_69ea388fafc6e-label\"><option value=\"\"  >Lugar<\/option><option value=\"one\" selected=\"selected\" data-calculation=\"0\">Ayllu<\/option><option value=\"two\"  data-calculation=\"0\">Yachi<\/option><\/select><\/div><\/div><\/div><div class=\"forminator-row\"><div id=\"name-1\" class=\"forminator-field-name forminator-col forminator-col-12\"><div class=\"forminator-field\"><label for=\"forminator-field-name-1_69ea388fafc6e\" id=\"forminator-field-name-1_69ea388fafc6e-label\" class=\"forminator-label\">Nombre <span class=\"forminator-required\">*<\/span><\/label><input type=\"text\" name=\"name-1\" value=\"\" placeholder=\"\" id=\"forminator-field-name-1_69ea388fafc6e\" class=\"forminator-input forminator-name--field\" aria-required=\"true\" autocomplete=\"name\" \/><\/div><\/div><\/div><div class=\"forminator-row\"><div id=\"text-1\" class=\"forminator-field-text forminator-col forminator-col-12\"><div class=\"forminator-field\"><label for=\"forminator-field-text-1_69ea388fafc6e\" id=\"forminator-field-text-1_69ea388fafc6e-label\" class=\"forminator-label\">Cargo <span class=\"forminator-required\">*<\/span><\/label><input type=\"text\" name=\"text-1\" value=\"\" placeholder=\"\" id=\"forminator-field-text-1_69ea388fafc6e\" class=\"forminator-input forminator-name--field\" data-required=\"1\" \/><\/div><\/div><\/div><div class=\"forminator-row\"><div id=\"select-3\" class=\"forminator-field-select forminator-col forminator-col-12\"><div class=\"forminator-field\"><label for=\"forminator-form-2936__field--select-3_69ea388fafc6e\" id=\"forminator-form-2936__field--select-3_69ea388fafc6e-label\" class=\"forminator-label\">Select<\/label><select  id=\"forminator-form-2936__field--select-3_69ea388fafc6e\" class=\"forminator-select--field forminator-select2 forminator-select2-multiple\" data-required=\"\" name=\"select-3\" data-default-value=\"\" data-hidden-behavior=\"zero\" data-placeholder=\"\" data-search=\"false\" data-search-placeholder=\"\" data-checkbox=\"false\" data-allow-clear=\"false\" aria-labelledby=\"forminator-form-2936__field--select-3_69ea388fafc6e-label\"><option value=\"one\"  data-calculation=\"0\">Capacitacion SST<\/option><option value=\"two\"  data-calculation=\"0\">Capacitacion Plan de Saneamiento<\/option><option value=\"Capacitacioens-plan-de-Emergencias\"  data-calculation=\"0\">Capacitacion Plan de Emergencias<\/option><option value=\"Capacitacion\"  data-calculation=\"0\">Capacitacion Plan Cooperacion Autoridades<\/option><\/select><\/div><\/div><\/div><div class=\"forminator-row\"><div id=\"textarea-1\" class=\"forminator-field-textarea forminator-col forminator-col-12\"><div class=\"forminator-field\"><label for=\"forminator-field-textarea-1_69ea388fafc6e\" id=\"forminator-field-textarea-1_69ea388fafc6e-label\" class=\"forminator-label\">Anotaciones<\/label><textarea name=\"textarea-1\" placeholder=\"\" id=\"forminator-field-textarea-1_69ea388fafc6e\" class=\"forminator-textarea\" rows=\"6\" style=\"--forminator-textarea-min-height:140px;\" ><\/textarea><\/div><\/div><\/div><div class=\"forminator-row\"><div id=\"upload-1\" class=\"forminator-field-upload forminator-col forminator-col-12\"><div class=\"forminator-field\"><label for=\"forminator-field-upload-1_69ea388fafc6e\" id=\"forminator-field-upload-1_69ea388fafc6e-label\" class=\"forminator-label\">Foto Reporte<\/label><div class=\"forminator-file-upload\" data-element=\"upload-1_69ea388fafc6e\"><input type=\"file\" name=\"upload-1\" id=\"forminator-field-upload-1_69ea388fafc6e\" class=\"forminator-input-file\" accept=\".jpg,.jpeg,.jpe,.gif,.png,.bmp,.tiff,.tif,.webp,.avif,.ico,.heic,.heif,.heics,.heifs,.asf,.asx,.wmv,.wmx,.wm,.avi,.divx,.flv,.mov,.qt,.mpeg,.mpg,.mpe,.mp4,.m4v,.ogv,.webm,.mkv,.3gp,.3gpp,.3g2,.3gp2,.txt,.asc,.c,.cc,.h,.srt,.csv,.tsv,.ics,.rtx,.vtt,.mp3,.m4a,.m4b,.aac,.ra,.ram,.wav,.x-wav,.ogg,.oga,.flac,.mid,.midi,.wma,.wax,.mka,.rtf,.pdf,.class,.tar,.zip,.gz,.gzip,.7z,.psd,.xcf,.doc,.pot,.pps,.ppt,.wri,.xla,.xls,.xlt,.xlw,.mdb,.mpp,.docx,.docm,.dotx,.dotm,.xlsx,.xlsm,.xlsb,.xltx,.xltm,.xlam,.pptx,.pptm,.ppsx,.ppsm,.potx,.potm,.ppam,.sldx,.sldm,.onetoc,.onetoc2,.onetmp,.onepkg,.oxps,.xps,.odt,.odp,.ods,.odg,.odc,.odb,.odf,.wp,.wpd,.key,.numbers,.pages\" tabindex=\"-1\"><button id=\"forminator-field-upload-1_69ea388fafc6e_button\" class=\"forminator-button forminator-button-upload\" data-id=\"forminator-field-upload-1_69ea388fafc6e\">Elegir archivo<\/button><span data-empty-text=\"Ning\u00fan archivo seleccionado\">Ning\u00fan archivo seleccionado<\/span><button class=\"forminator-button-delete\" style=\"display: none;\"><i class=\"forminator-icon-close\" aria-hidden=\"true\"><\/i><span class=\"forminator-screen-reader-only\">Eliminar el archivo subido<\/span><\/button><\/div><\/div><\/div><\/div><div class=\"forminator-row\"><div id=\"consent-1\" class=\"forminator-field-consent forminator-col forminator-col-12\"><div class=\"forminator-field\"><label for=\"forminator-field-consent-1_69ea388fafc6e\" id=\"forminator-field-consent-1_69ea388fafc6e-label\" class=\"forminator-label\">Consent <span class=\"forminator-required\">*<\/span><\/label><div class=\"forminator-checkbox__wrapper\"><label id=\"forminator-field-consent-1_69ea388fafc6e__label\" class=\"forminator-checkbox forminator-consent\"><input type=\"checkbox\" name=\"consent-1\" id=\"forminator-field-consent-1_69ea388fafc6e\" value=\"checked\" aria-labelledby=\"forminator-field-consent-1_69ea388fafc6e-label\" aria-describedby=\"forminator-field-consent-1_69ea388fafc6e__description\" data-required=\"true\" aria-required=\"true\" \/><span class=\"forminator-checkbox-box\" aria-hidden=\"true\"><\/span><\/label><div id=\"forminator-field-consent-1_69ea388fafc6e__description\" class=\"forminator-checkbox__label forminator-consent__label\"><p>Declaro haber recibido la capacitaci\u00f3n en cuesti\u00f3n mencionada en el presente formulario<\/p><\/div><\/div><\/div><\/div><\/div><input type=\"hidden\" name=\"referer_url\" value=\"\" \/><div class=\"forminator-row forminator-row-last\"><div class=\"forminator-col\"><div class=\"forminator-field\"><button class=\"forminator-button forminator-button-submit\">Reportar<\/button><\/div><\/div><\/div><input type=\"hidden\" id=\"forminator_nonce\" name=\"forminator_nonce\" value=\"8568d7ca8b\" \/><input type=\"hidden\" name=\"_wp_http_referer\" value=\"\/es\/wp-json\/wp\/v2\/pages\/2937\" \/><input type=\"hidden\" name=\"form_id\" value=\"2936\"><input type=\"hidden\" name=\"page_id\" value=\"2937\"><input type=\"hidden\" name=\"form_type\" value=\"default\"><input type=\"hidden\" name=\"current_url\" value=\"https:\/\/kuyay.co\/es\/socializacion-interna\/\"><input type=\"hidden\" name=\"render_id\" value=\"1\"><input type=\"hidden\" name=\"action\" value=\"forminator_submit_form_custom-forms\"><input type=\"hidden\" name=\"trp-form-language\" value=\"es\"\/><\/form><\/div>\n\t\t\t\t\t\t\t\t<\/div>\n\t\t\t\t<\/div>\n\t\t\t\t\t<\/div>\n\t\t\t\t<\/div>\n\t\t\t\t<\/div>","protected":false},"excerpt":{"rendered":"<p>Fecha Capacitacion *Select *LugarAylluYachiNombre *Cargo *SelectCapacitacion SSTCapacitacion Plan de SaneamientoCapacitacion Plan de EmergenciasCapacitacion Plan Cooperacion AutoridadesAnotacionesFoto ReporteElegir archivoNing\u00fan archivo seleccionadoEliminar el archivo subidoConsent *Declaro haber recibido la capacitaci\u00f3n en cuesti\u00f3n mencionada en el presente formularioReportar<\/p>","protected":false},"author":1,"featured_media":0,"parent":0,"menu_order":0,"comment_status":"closed","ping_status":"closed","template":"","meta":{"_joinchat":[],"footnotes":""},"class_list":["post-2937","page","type-page","status-publish","hentry"],"yoast_head":"<!-- This site is optimized with the Yoast SEO plugin v27.4 - https:\/\/yoast.com\/product\/yoast-seo-wordpress\/ -->\n<title>SOCIALIZACION INTERNA - Kuyay Hostel<\/title>\n<meta name=\"robots\" content=\"noindex, nofollow\" \/>\n<meta property=\"og:locale\" content=\"es_ES\" \/>\n<meta property=\"og:type\" content=\"article\" \/>\n<meta property=\"og:title\" content=\"SOCIALIZACION INTERNA - Kuyay Hostel\" \/>\n<meta property=\"og:url\" content=\"https:\/\/kuyay.co\/es\/socializacion-interna\/\" \/>\n<meta property=\"og:site_name\" content=\"Kuyay Hostel\" \/>\n<meta property=\"article:modified_time\" content=\"2025-07-03T01:30:13+00:00\" \/>\n<meta name=\"twitter:card\" content=\"summary_large_image\" \/>\n<meta name=\"twitter:label1\" content=\"Tiempo de lectura\" \/>\n\t<meta name=\"twitter:data1\" content=\"1 minuto\" \/>\n<script type=\"application\/ld+json\" class=\"yoast-schema-graph\">{\"@context\":\"https:\\\/\\\/schema.org\",\"@graph\":[{\"@type\":\"WebPage\",\"@id\":\"https:\\\/\\\/kuyay.co\\\/socializacion-interna\\\/\",\"url\":\"https:\\\/\\\/kuyay.co\\\/socializacion-interna\\\/\",\"name\":\"SOCIALIZACION INTERNA - Kuyay Hostel\",\"isPartOf\":{\"@id\":\"https:\\\/\\\/kuyay.co\\\/#website\"},\"datePublished\":\"2025-07-03T01:22:06+00:00\",\"dateModified\":\"2025-07-03T01:30:13+00:00\",\"breadcrumb\":{\"@id\":\"https:\\\/\\\/kuyay.co\\\/socializacion-interna\\\/#breadcrumb\"},\"inLanguage\":\"es-CO\",\"potentialAction\":[{\"@type\":\"ReadAction\",\"target\":[\"https:\\\/\\\/kuyay.co\\\/socializacion-interna\\\/\"]}]},{\"@type\":\"BreadcrumbList\",\"@id\":\"https:\\\/\\\/kuyay.co\\\/socializacion-interna\\\/#breadcrumb\",\"itemListElement\":[{\"@type\":\"ListItem\",\"position\":1,\"name\":\"Home\",\"item\":\"https:\\\/\\\/kuyay.co\\\/\"},{\"@type\":\"ListItem\",\"position\":2,\"name\":\"SOCIALIZACION INTERNA\"}]},{\"@type\":\"WebSite\",\"@id\":\"https:\\\/\\\/kuyay.co\\\/#website\",\"url\":\"https:\\\/\\\/kuyay.co\\\/\",\"name\":\"Kuyay Hostel\",\"description\":\"Kuyay Hostel\",\"publisher\":{\"@id\":\"https:\\\/\\\/kuyay.co\\\/#organization\"},\"potentialAction\":[{\"@type\":\"SearchAction\",\"target\":{\"@type\":\"EntryPoint\",\"urlTemplate\":\"https:\\\/\\\/kuyay.co\\\/?s={search_term_string}\"},\"query-input\":{\"@type\":\"PropertyValueSpecification\",\"valueRequired\":true,\"valueName\":\"search_term_string\"}}],\"inLanguage\":\"es-CO\"},{\"@type\":\"Organization\",\"@id\":\"https:\\\/\\\/kuyay.co\\\/#organization\",\"name\":\"Kuyay Hostel\",\"url\":\"https:\\\/\\\/kuyay.co\\\/\",\"logo\":{\"@type\":\"ImageObject\",\"inLanguage\":\"es-CO\",\"@id\":\"https:\\\/\\\/kuyay.co\\\/#\\\/schema\\\/logo\\\/image\\\/\",\"url\":\"https:\\\/\\\/kuyay.co\\\/wp-content\\\/uploads\\\/2023\\\/02\\\/android-chrome-512x512-1.png\",\"contentUrl\":\"https:\\\/\\\/kuyay.co\\\/wp-content\\\/uploads\\\/2023\\\/02\\\/android-chrome-512x512-1.png\",\"width\":512,\"height\":512,\"caption\":\"Kuyay Hostel\"},\"image\":{\"@id\":\"https:\\\/\\\/kuyay.co\\\/#\\\/schema\\\/logo\\\/image\\\/\"}}]}<\/script>\n<!-- \/ Yoast SEO plugin. -->","yoast_head_json":{"title":"SOCIALIZACION INTERNA - Kuyay Hostel","robots":{"index":"noindex","follow":"nofollow"},"og_locale":"es_ES","og_type":"article","og_title":"SOCIALIZACION INTERNA - Kuyay Hostel","og_url":"https:\/\/kuyay.co\/es\/socializacion-interna\/","og_site_name":"Kuyay Hostel","article_modified_time":"2025-07-03T01:30:13+00:00","twitter_card":"summary_large_image","twitter_misc":{"Tiempo de lectura":"1 minuto"},"schema":{"@context":"https:\/\/schema.org","@graph":[{"@type":"WebPage","@id":"https:\/\/kuyay.co\/socializacion-interna\/","url":"https:\/\/kuyay.co\/socializacion-interna\/","name":"SOCIALIZACION INTERNA - Kuyay Hostel","isPartOf":{"@id":"https:\/\/kuyay.co\/#website"},"datePublished":"2025-07-03T01:22:06+00:00","dateModified":"2025-07-03T01:30:13+00:00","breadcrumb":{"@id":"https:\/\/kuyay.co\/socializacion-interna\/#breadcrumb"},"inLanguage":"es-CO","potentialAction":[{"@type":"ReadAction","target":["https:\/\/kuyay.co\/socializacion-interna\/"]}]},{"@type":"BreadcrumbList","@id":"https:\/\/kuyay.co\/socializacion-interna\/#breadcrumb","itemListElement":[{"@type":"ListItem","position":1,"name":"Home","item":"https:\/\/kuyay.co\/"},{"@type":"ListItem","position":2,"name":"SOCIALIZACION INTERNA"}]},{"@type":"WebSite","@id":"https:\/\/kuyay.co\/#website","url":"https:\/\/kuyay.co\/","name":"Kuyay Hostel","description":"Kuyay Hostel","publisher":{"@id":"https:\/\/kuyay.co\/#organization"},"potentialAction":[{"@type":"SearchAction","target":{"@type":"EntryPoint","urlTemplate":"https:\/\/kuyay.co\/?s={search_term_string}"},"query-input":{"@type":"PropertyValueSpecification","valueRequired":true,"valueName":"search_term_string"}}],"inLanguage":"es-CO"},{"@type":"Organization","@id":"https:\/\/kuyay.co\/#organization","name":"Kuyay Hostel","url":"https:\/\/kuyay.co\/","logo":{"@type":"ImageObject","inLanguage":"es-CO","@id":"https:\/\/kuyay.co\/#\/schema\/logo\/image\/","url":"https:\/\/kuyay.co\/wp-content\/uploads\/2023\/02\/android-chrome-512x512-1.png","contentUrl":"https:\/\/kuyay.co\/wp-content\/uploads\/2023\/02\/android-chrome-512x512-1.png","width":512,"height":512,"caption":"Kuyay Hostel"},"image":{"@id":"https:\/\/kuyay.co\/#\/schema\/logo\/image\/"}}]}},"_links":{"self":[{"href":"https:\/\/kuyay.co\/es\/wp-json\/wp\/v2\/pages\/2937","targetHints":{"allow":["GET"]}}],"collection":[{"href":"https:\/\/kuyay.co\/es\/wp-json\/wp\/v2\/pages"}],"about":[{"href":"https:\/\/kuyay.co\/es\/wp-json\/wp\/v2\/types\/page"}],"author":[{"embeddable":true,"href":"https:\/\/kuyay.co\/es\/wp-json\/wp\/v2\/users\/1"}],"replies":[{"embeddable":true,"href":"https:\/\/kuyay.co\/es\/wp-json\/wp\/v2\/comments?post=2937"}],"version-history":[{"count":6,"href":"https:\/\/kuyay.co\/es\/wp-json\/wp\/v2\/pages\/2937\/revisions"}],"predecessor-version":[{"id":2943,"href":"https:\/\/kuyay.co\/es\/wp-json\/wp\/v2\/pages\/2937\/revisions\/2943"}],"wp:attachment":[{"href":"https:\/\/kuyay.co\/es\/wp-json\/wp\/v2\/media?parent=2937"}],"curies":[{"name":"wp","href":"https:\/\/api.w.org\/{rel}","templated":true}]}}